{"id":29,"date":"2024-04-20T15:25:13","date_gmt":"2024-04-20T13:25:13","guid":{"rendered":"https:\/\/thibault-ternon.com\/?page_id=29"},"modified":"2025-09-29T19:01:17","modified_gmt":"2025-09-29T17:01:17","slug":"publications","status":"publish","type":"page","link":"https:\/\/thibault-ternon.com\/index.php\/publications\/","title":{"rendered":"R\u00e9alisations"},"content":{"rendered":"\n<p class=\"has-text-align-center\">Magicien depuis plus de 20 ans, j\u2019ai d\u00e9cid\u00e9 de consacrer ma vie \u00e0 mon art.<br>Vous trouverez ci-dessous la liste de mes diff\u00e9rentes publications, cr\u00e9ations ou projets accomplis.<\/p>\n\n\n\n<p><\/p>\n\n\n\n<p class=\"has-text-align-center\"><br>\ud83c\udfc6 Prix de l\u2019innovation lors de l\u2019<em>International Create Illusion<\/em> de 2023<\/p>\n\n\n\n<p><\/p>\n\n\n\n<h2 class=\"wp-block-heading\">Livres<\/h2>\n\n\n\n<ul class=\"wp-block-list\">\n<li><em>Compl\u00e9ment \u00e0 la conf\u00e9rence sur le spiritisme<\/em>, Le Cabinet d\u2019Illusions, juillet 2020, retranscription d\u2019un manuscrit [<a href=\"https:\/\/lecabinetdillusions.fr\/produit\/complement-a-la-conference-sur-le-spiritisme\/\" target=\"_blank\" rel=\"noreferrer noopener\">voir le livre<\/a>].<\/li>\n\n\n\n<li><em>Munito, le chien savant<\/em>, Le Cabinet d&rsquo;Illusions, avril 2021 [<a href=\"https:\/\/lecabinetdillusions.fr\/produit\/munito-le-chien-savant\/\" data-type=\"link\" data-id=\"https:\/\/lecabinetdillusions.fr\/produit\/munito-le-chien-savant\/\" target=\"_blank\" rel=\"noreferrer noopener\">voir le livre<\/a>].<\/li>\n\n\n\n<li>Pierre Taillefer et Thibault Ternon,&nbsp;<em>Mlle B\u00e9nita Anguinet La premi\u00e8re magicienne<\/em>, Le Cabinet d&rsquo;Illusions, septembre 2023 [<a href=\"https:\/\/lecabinetdillusions.fr\/produit\/benita-anguinet\/\" target=\"_blank\" rel=\"noreferrer noopener\">voir le livre<\/a>].<\/li>\n\n\n\n<li><em>Carta Incognita<\/em>, Le Cabinet d\u2019Illusions, 2024. <\/li>\n\n\n\n<li><em>Subtils Secrets 1<\/em>, Le Cabinet d\u2019Illusions, 2025.<\/li>\n\n\n\n<li><em>Jules de Rov\u00e8re, le premier prestidigitateur<\/em>, Le Cabinet d\u2019Illusions, 2025.<\/li>\n\n\n\n<li><em>Subtils Secrets 2<\/em>, Le Cabinet d\u2019Illusions, 2025<\/li>\n<\/ul>\n\n\n\n<h2 class=\"wp-block-heading\">Effets magiques publi\u00e9s<\/h2>\n\n\n\n<ul class=\"wp-block-list\">\n<li><em>Code<\/em> : prix de l\u2019innovation au congr\u00e8s <em>International Create Illusion<\/em> <em>2023<\/em> [<a href=\"https:\/\/create-illusion.fr\/palmares-2023\/\" target=\"_blank\" rel=\"noreferrer noopener\">voir le prix<\/a> ; <a href=\"https:\/\/lecabinetdillusions.fr\/produit\/code\/\" target=\"_blank\" rel=\"noreferrer noopener\">voir le tour<\/a>].<\/li>\n\n\n\n<li><em>Constellations<\/em> : cit\u00e9 plusieurs fois comme \u201c<a href=\"https:\/\/virtualmagie.com\/forum\/topic\/88716-le-tour-de-lann%C3%A9e-2023-virtual-magie-award\" target=\"_blank\" rel=\"noreferrer noopener\">tour de l\u2019ann\u00e9e<\/a>\u201d [<a href=\"https:\/\/virtualmagie.com\/forum\/topic\/88443-constellations-de-thibault-ternon\/#comments\" target=\"_blank\" rel=\"noreferrer noopener\">voir les critiques<\/a> ; <a href=\"https:\/\/lecabinetdillusions.fr\/produit\/constellations\/\" target=\"_blank\" rel=\"noreferrer noopener\">voir le tour<\/a>].<\/li>\n\n\n\n<li><em>Carta Incognita<\/em> [2024].<\/li>\n\n\n\n<li><em>Ether<\/em> : pr\u00e9sent\u00e9 entre autres \u00e0 la t\u00e9l\u00e9vision sur <em>Vendredi Tout Est Permis<\/em> par Klek Entos [2024].<\/li>\n\n\n\n<li><em>Orion<\/em>, en collaboration avec Eur\u00eaka Prod [<a href=\"https:\/\/www.lecabinetdillusions.fr\/shop\/orion-18\">voir le tour<\/a>].<\/li>\n<\/ul>\n\n\n\n<h2 class=\"wp-block-heading\">Articles<\/h2>\n\n\n\n<p><strong>La revue de la prestidigitation<\/strong><\/p>\n\n\n\n<ul class=\"wp-block-list\">\n<li>\u00ab&nbsp;Ambitieuse par nature&nbsp;\u00bb, n\u00b0 606, mars-avril 2015.<\/li>\n\n\n\n<li>\u00ab&nbsp;Enigmagie 1&nbsp;\u00bb, n\u00b0 609, septembre-octobre 2015.<\/li>\n\n\n\n<li>\u00ab&nbsp;Enigmagie 2&nbsp;\u00bb, n\u00b0 610, novembre-d\u00e9cembre 2015.<\/li>\n\n\n\n<li>\u00ab&nbsp;Enigmagie 3&nbsp;\u00bb, n\u00b0 611, janvier-f\u00e9vrier 2016.<\/li>\n\n\n\n<li>\u00ab&nbsp;Enigmagie 4&nbsp;\u00bb, n\u00b0 614, juillet-ao\u00fbt 2016.<\/li>\n\n\n\n<li>\u00ab&nbsp;Enigmagie \u2013 fin&nbsp;\u00bb, n\u00b0 615, septembre-octobre 2016.<\/li>\n\n\n\n<li>Article sur le chien savant Dick [si vous retrouvez le num\u00e9ro de la revue je suis preneur !]<\/li>\n\n\n\n<li>Pierre Taillefer et Thibault Ternon, \u00ab&nbsp;Autour de B\u00e9nita Anguinet&nbsp;: l\u2019\u00e2ge d\u2019or des femmes illusionnistes&nbsp;\u00bb, num\u00e9ro sp\u00e9cial de <em>La<\/em>&nbsp;<em>Revue de la prestidigitation<\/em>, n\u00b0 641 bis, janvier-f\u00e9vrier 2021.<\/li>\n<\/ul>\n\n\n\n<p><strong>Le carton fantastique<\/strong><\/p>\n\n\n\n<ul class=\"wp-block-list\">\n<li>\u00ab&nbsp;Une conf\u00e9rence sur le spiritisme et les sciences occultes&nbsp;\u00bb, Vol. 2, n\u00b0 8, octobre 2020.<\/li>\n\n\n\n<li>\u00ab&nbsp;Munito, le chien savant \u00bb [si vous retrouvez le num\u00e9ro je suis aussi preneur !].<\/li>\n<\/ul>\n\n\n\n<p><strong>Autres<\/strong>&nbsp;<\/p>\n\n\n\n<ul class=\"wp-block-list\">\n<li>\u00ab&nbsp;Henri Robin&nbsp;\u00bb, <em>Esprits fant\u00f4mes<\/em>, Catalogue de l\u2019exposition de la Maison de la Magie de Blois, 2020.<\/li>\n\n\n\n<li>\u00ab&nbsp;Dicksonn&nbsp;\u00bb, <em>Esprits fant\u00f4mes<\/em>, Catalogue de l\u2019exposition de la Maison de la Magie de Blois, 2020.<\/li>\n\n\n\n<li>Pierre Taillefer et Thibault Ternon, \u00ab&nbsp;B\u00e9nita Anguinet (1819-1887), la c\u00e9l\u00e8bre illusionniste du Pr\u00e9-Catelan&nbsp;\u00bb, <em>Le Blog Gallica<\/em>, 17 juin 2021 [voir l\u2019article en ligne : <a href=\"https:\/\/gallica.bnf.fr\/blog\/17062021\/benita-anguinet-1819-1887-la-celebre-illusionniste-du-pre-catelan\" target=\"_blank\" rel=\"noreferrer noopener\">https:\/\/gallica.bnf.fr\/blog\/17062021\/benita-anguinet-1819-1887-la-celebre-illusionniste-du-pre-catelan<\/a>].<\/li>\n<\/ul>\n\n\n\n<h2 class=\"wp-block-heading\">Conf\u00e9rences<\/h2>\n\n\n\n<ul class=\"wp-block-list\">\n<li>Conf\u00e9rence sur les jetons publicitaires magiques au club Magie Histoire et Collection.<\/li>\n\n\n\n<li>Conf\u00e9rence sur Munito le chien savant, conf\u00e9rence au club Magie Histoire et Collection le 29 novembre 2021.<\/li>\n\n\n\n<li>Conf\u00e9rence au congr\u00e8s europ\u00e9en d\u2019histoire de la magie \u00e0 Gand (EMHC 2023) avec Jack Cooper pour pr\u00e9senter notre bibliographie en ligne.<\/li>\n\n\n\n<li>Conf\u00e9rence au club Magie Histoire et Collection en octobre 2023 avec Jack Cooper pour pr\u00e9senter notre bibliographie en ligne.<\/li>\n\n\n\n<li>Conf\u00e9rence au congr\u00e8s fran\u00e7ais de l\u2019illusions (congr\u00e8s FFAP) de 2024 avec Jack Cooper pour pr\u00e9senter notre bibliographie en ligne.<\/li>\n\n\n\n<li>Conf\u00e9rence sur Jules de Rov\u00e8re au club Magie Histoire et Collection [juin 2025].<\/li>\n\n\n\n<li>Conf\u00e9rence sur Munito le chien savant au 58e Congr\u00e8s Fran\u00e7ais de l\u2019Illusion [septembre 2025].<\/li>\n<\/ul>\n\n\n\n<h2 class=\"wp-block-heading\">Consulting<\/h2>\n\n\n\n<ul class=\"wp-block-list\">\n<li>Aide \u00e0 la cr\u00e9ation d\u2019un effet pour un num\u00e9ro d\u2019anneaux pour <a href=\"https:\/\/www.florianflop.com\/\" target=\"_blank\" rel=\"noreferrer noopener\">Florian Flop<\/a>.<\/li>\n\n\n\n<li>Aide \u00e0 la cr\u00e9ation d\u2019un num\u00e9ro pour <em>Incroyable Talent<\/em> pour Romuald Solesse.<\/li>\n\n\n\n<li>Aide \u00e0 l\u2019am\u00e9lioration d\u2019un spectacle pour Franckypnose pour le festival d\u2019Avignon 2025.<\/li>\n\n\n\n<li>Aide \u00e0 la conception et fabrication de tours pour Marie-Pierre Val\u00e9ry.<\/li>\n\n\n\n<li>Aide \u00e0 la conception et fabrication de tours pour Maxime Mandrake.<\/li>\n<\/ul>\n\n\n\n<h2 class=\"wp-block-heading\">Interviews<\/h2>\n\n\n\n<ul class=\"wp-block-list\">\n<li>Aide \u00e0 la production d\u2019une \u00e9mission pour France Culture sur la vie de B\u00e9nita Anguinet.<\/li>\n\n\n\n<li>Interview accord\u00e9e \u00e0 France T\u00e9l\u00e9vision au sujet de B\u00e9nita Anguinet.<\/li>\n\n\n\n<li>Interview accord\u00e9e au site Artefake (r\u00e9alis\u00e9e par Romain Brilli en novembre 2022), <a href=\"https:\/\/artefake.fr\/thibault-ternon\/\" target=\"_blank\" rel=\"noreferrer noopener\">accessible en cliquant ici<\/a>. <\/li>\n<\/ul>\n\n\n\n<h2 class=\"wp-block-heading\">Les grands projets<\/h2>\n\n\n\n<ul class=\"wp-block-list\">\n<li>Cr\u00e9ation en 2015 du <em>Centre de Recherche sur la Prestidigitation<\/em>, un espace en ligne o\u00f9 je num\u00e9rise l\u2019enti\u00e8ret\u00e9 de ma collection de vieux documents sur le th\u00e8me de la magie pour les mettre gratuitement \u00e0 disposition des chercheurs et historiens. Vous pouvez acc\u00e9der au site sans aucun besoin de s\u2019inscrire <a href=\"http:\/\/Centre-recherche-prestidigitation.fr\" target=\"_blank\" rel=\"noreferrer noopener\">en cliquant ici<\/a>.<\/li>\n\n\n\n<li>Cr\u00e9ation en 2020 de la <em>Bibliographie fran\u00e7aise de la prestidigitation<\/em> avec l\u2019aide de Jack Cooper, un outil en ligne sur lequel nous avons entrepris de recenser l\u2019int\u00e9gralit\u00e9 des livres sur le th\u00e8me de la magie. Librement <a href=\"http:\/\/Centre-recherche-prestidigitation.fr\" target=\"_blank\" rel=\"noreferrer noopener\">accessible en cliquant ici<\/a>.<\/li>\n\n\n\n<li>Cr\u00e9ation fin 2019 du <em>Cabinet d\u2019Illusions<\/em>, ma maison d\u2019\u00e9dition qui met en avant les projets atypiques et originaux sur le th\u00e8me de la magie. Cela va de l\u2019\u00e9dition de livre \u00e0 la cr\u00e9ation de tours en passant par de la consultance pour certains artistes d\u00e9sirant parfaire leurs num\u00e9ros. <a href=\"http:\/\/Lecabinetdillusions.fr\" target=\"_blank\" rel=\"noreferrer noopener\">Accessible en cliquant ici<\/a>.<\/li>\n\n\n\n<li>Cr\u00e9ation en 2024 d\u2019un podcast du nom de <em>D\u00e9tours de magie<\/em>, dans lequel j\u2019interview des c\u00e9l\u00e9brit\u00e9s du monde magique. <a href=\"https:\/\/www.youtube.com\/@lecabinetdillusions\">Accessible en cliquant ici.<\/a><\/li>\n<\/ul>\n\n\n\n<p><\/p>\n\n\n\n<p>\/<\/p>\n\n\n\n<p><\/p>\n\n\n\n<p><\/p>\n\n\n\n<p><\/p>\n\n\n\n<p><\/p>\n","protected":false},"excerpt":{"rendered":"<p>Magicien depuis plus de 20 ans, j\u2019ai d\u00e9cid\u00e9 de consacrer ma vie \u00e0 mon art.Vous trouverez ci-dessous la liste de mes diff\u00e9rentes publications, cr\u00e9ations ou projets accomplis. \ud83c\udfc6 Prix de l\u2019innovation lors de l\u2019International Create Illusion de 2023 Livres Effets magiques publi\u00e9s Articles La revue de la prestidigitation Le carton fantastique Autres&nbsp; Conf\u00e9rences Consulting Interviews &hellip; <\/p>\n<p class=\"link-more\"><a href=\"https:\/\/thibault-ternon.com\/index.php\/publications\/\" class=\"more-link\">Lire la suite de<span class=\"screen-reader-text\">\u00ab\u00a0R\u00e9alisations\u00a0\u00bb<\/span><\/a><\/p>\n","protected":false},"author":1,"featured_media":0,"parent":0,"menu_order":0,"comment_status":"closed","ping_status":"closed","template":"","meta":{"footnotes":""},"class_list":["post-29","page","type-page","status-publish","hentry"],"_links":{"self":[{"href":"https:\/\/thibault-ternon.com\/index.php\/wp-json\/wp\/v2\/pages\/29","targetHints":{"allow":["GET"]}}],"collection":[{"href":"https:\/\/thibault-ternon.com\/index.php\/wp-json\/wp\/v2\/pages"}],"about":[{"href":"https:\/\/thibault-ternon.com\/index.php\/wp-json\/wp\/v2\/types\/page"}],"author":[{"embeddable":true,"href":"https:\/\/thibault-ternon.com\/index.php\/wp-json\/wp\/v2\/users\/1"}],"replies":[{"embeddable":true,"href":"https:\/\/thibault-ternon.com\/index.php\/wp-json\/wp\/v2\/comments?post=29"}],"version-history":[{"count":36,"href":"https:\/\/thibault-ternon.com\/index.php\/wp-json\/wp\/v2\/pages\/29\/revisions"}],"predecessor-version":[{"id":342,"href":"https:\/\/thibault-ternon.com\/index.php\/wp-json\/wp\/v2\/pages\/29\/revisions\/342"}],"wp:attachment":[{"href":"https:\/\/thibault-ternon.com\/index.php\/wp-json\/wp\/v2\/media?parent=29"}],"curies":[{"name":"wp","href":"https:\/\/api.w.org\/{rel}","templated":true}]}}